{"id":292,"date":"2021-04-01T17:16:34","date_gmt":"2021-04-01T17:16:34","guid":{"rendered":"https:\/\/chuchosierra.com\/?page_id=292"},"modified":"2025-08-17T17:25:16","modified_gmt":"2025-08-17T17:25:16","slug":"biografia","status":"publish","type":"page","link":"https:\/\/chuchosierra.com\/","title":{"rendered":"Biograf\u00eda"},"content":{"rendered":"\n<h2 class=\"wp-block-heading has-text-align-left\">Chucho Sierra Historia y Biograf\u00eda<\/h2>\n\n\n\n<p>Jes\u00fas, \u201cChucho\u201d Sierra Naci\u00f3 en Medell\u00edn, egresado de la Universidad de Antioquia, licenciado en m\u00fasica de la UNAC y Magister en Investigaci\u00f3n musical de la Universidad Internacional de la Rioja.<\/p>\n\n\n\n<p>Es especialista en&nbsp;instrumentos de viento de maderas, aut\u00f3ctonos, nativos y modernos con los cuales nos permite conectarnos y hacer un viaje junto con su m\u00fasica a trav\u00e9s de los sonidos de esta amplia gama de instrumentos.<\/p>\n\n\n\n<p>Ha desarrollado su actividad art\u00edstica pasando por diferentes etapas como Saxofonista, arreglista, compositor, docente y cantante. Tambi\u00e9n ha participado en numerosos conciertos (m\u00e1s de 2000) en Colombia y Estados Unidos con diferentes artistas nacionales e internacionales.<\/p>\n\n\n\n<p>Ha participado en calidad de solista, con su grupo Savia Latina y otras agrupaciones en festivales tales como el Mono N\u00fa\u00f1ez, Festival del pasillo, Festival del Bambuco, Festival Cotrafa, entre otros.<\/p>\n\n\n\n<p>Su producci\u00f3n discogr\u00e1fica supera los 20 \u00e1lbumes de estudio, los cuales est\u00e1n disponibles en las diferentes plataformas digitales. <strong>Tributo Al Clarinete Colombiano, Cumbia Sax, TangoSax, BoleroSax, Colombia Andina, Suite para Flauta y piano pre nominados a los premios Latin Grammy en el 2023 y 2024<\/strong>. Cuenta una videograf\u00eda de m\u00e1s de 200 videos y producci\u00f3n de Podcast para la ense\u00f1anza y musicoterapia.<\/p>\n\n\n\n<p>Ha compuesto cerca de 30 obras musicales, dedicadas en su mayor\u00eda a la m\u00fasica Colombiana en sus diferentes regiones.<\/p>\n\n\n\n<p>En la docencia ha participado en la formaci\u00f3n profesional de m\u00e1s de un centenar de m\u00fasicos en \u00e9nfasis de Saxof\u00f3n, Clarinete y flauta. Actualmente es profesor de \u00e9nfasis de vientos de madera en la UNAC, director del grupo Savia Latina, miembro activo de Sayco, Acinpro, de la academia de los Latin Grammy y concertista.<\/p>\n\n\n\n<h2 class=\"wp-block-heading\">Jes\u00fas \u201cChucho\u201d Sierra<\/h2>\n\n\n\n<p>Jes\u00fas, \u201cChucho\u201d Sierra Born in Medell\u00edn, graduated from the University of Antioquia, graduated in music from UNAC and Master in Musical Research from the International University of La Rioja.<br><br>He is a specialist in native, native and modern woodwind instruments with which he allows us to connect and take a journey along with his music through the sounds of this wide range of instruments.<br><br>He has developed his artistic activity through different stages as a saxophonist, arranger, composer, teacher and singer. He has also participated in numerous concerts (more than 2000) in Colombia and the United States with different national and international artists. He has participated as a soloist, with his group Savia Latina and other groups in festivals such as Mono N\u00fa\u00f1ez, Corridor Festival, Bambuco Festival, Cotrafa Festival, among others.\n\nHis recording production exceeds 20 studio albums, which are available on different digital platforms. Tribute to the Colombian Clarinet, Cumbia Sax, TangoSax, BoleroSax, Colombia Andina, Suite for Flute and piano pre-nominated for the Latin Grammy Awards in 2023 and 2024. It has a videography of more than 200 videos and Podcast production for teaching and music therapy .\n\nHe has composed nearly 30 musical works, mostly dedicated to Colombian music in its different regions.\n\nIn teaching he has participated in the professional training of more than a hundred musicians with emphasis on Saxophone, Clarinet and flute. He is currently a woodwind emphasis teacher at UNAC, director of the group Savia Latina, active member of Sayco, Acinpro, the Latin Grammy academy and concert performer.<\/p>\n\n\n\n<h4 class=\"wp-block-heading has-text-align-center\">Escucha mi m\u00fasica \ud83c\udfa7\ud83d\udc47\ud83c\udffc<\/h4>\n\n\n\n<figure class=\"wp-block-embed is-type-rich is-provider-spotify wp-block-embed-spotify wp-embed-aspect-21-9 wp-has-aspect-ratio\"><div class=\"wp-block-embed__wrapper\">\n<iframe title=\"Spotify Embed: Chucho Sierra\" style=\"border-radius: 12px\" width=\"100%\" height=\"352\" frameborder=\"0\" allowfullscreen allow=\"autoplay; clipboard-write; encrypted-media; fullscreen; picture-in-picture\" loading=\"lazy\" src=\"https:\/\/open.spotify.com\/embed\/artist\/1HtV3ItGi5uniH1LTi93Mc?si=Cy1zDxzwQMq_Bq-ZKBQSCQ&#038;utm_source=oembed\"><\/iframe>\n<\/div><\/figure>\n\n\n\n<h2 class=\"wp-block-heading\">Redes Sociales \ud83d\udccc<\/h2>\n\n\n\n<h2 class=\"wp-block-heading has-text-align-center\">\ud83d\udccc<a href=\"https:\/\/www.instagram.com\/chuchosierrasaxofon\/\" target=\"_blank\" rel=\"noreferrer noopener\">Instagram<\/a><\/h2>\n\n\n\n<h2 class=\"wp-block-heading has-text-align-center\">\ud83c\udfa7<a href=\"https:\/\/open.spotify.com\/artist\/1HtV3ItGi5uniH1LTi93Mc\" target=\"_blank\" rel=\"noreferrer noopener\">Spotify<\/a><\/h2>\n\n\n\n<h2 class=\"wp-block-heading has-text-align-center\">\ud83d\udda5<a href=\"https:\/\/www.youtube.com\/user\/chuchosierra03\" target=\"_blank\" rel=\"noreferrer noopener\">YouTube<\/a><\/h2>\n\n\n\n<h2 class=\"wp-block-heading has-text-align-center\">\ud83c\udf99\ud83c\udfb6<a href=\"https:\/\/savialatina.com\/\" target=\"_blank\" rel=\"noreferrer noopener\">SAVIA LATINA<\/a><\/h2>\n\n\n\n<figure class=\"wp-block-image size-large\"><img loading=\"lazy\" decoding=\"async\" width=\"768\" height=\"1024\" src=\"https:\/\/chuchosierra.com\/wp-content\/uploads\/2025\/07\/IMG_1038-768x1024.jpeg\" alt=\"\" class=\"wp-image-595\" srcset=\"https:\/\/chuchosierra.com\/wp-content\/uploads\/2025\/07\/IMG_1038-768x1024.jpeg 768w, https:\/\/chuchosierra.com\/wp-content\/uploads\/2025\/07\/IMG_1038-225x300.jpeg 225w, https:\/\/chuchosierra.com\/wp-content\/uploads\/2025\/07\/IMG_1038-1152x1536.jpeg 1152w, https:\/\/chuchosierra.com\/wp-content\/uploads\/2025\/07\/IMG_1038.jpeg 1536w\" sizes=\"auto, (max-width: 768px) 100vw, 768px\" \/><\/figure>\n","protected":false},"excerpt":{"rendered":"<p>Chucho Sierra Historia y Biograf\u00eda Jes\u00fas, \u201cChucho\u201d Sierra Naci\u00f3 en Medell\u00edn, egresado de la Universidad de Antioquia, licenciado en m\u00fasica de la UNAC y Magister<\/p>\n","protected":false},"author":1,"featured_media":586,"parent":0,"menu_order":0,"comment_status":"closed","ping_status":"closed","template":"","meta":{"footnotes":""},"class_list":["post-292","page","type-page","status-publish","has-post-thumbnail","hentry"],"_links":{"self":[{"href":"https:\/\/chuchosierra.com\/index.php\/wp-json\/wp\/v2\/pages\/292","targetHints":{"allow":["GET"]}}],"collection":[{"href":"https:\/\/chuchosierra.com\/index.php\/wp-json\/wp\/v2\/pages"}],"about":[{"href":"https:\/\/chuchosierra.com\/index.php\/wp-json\/wp\/v2\/types\/page"}],"author":[{"embeddable":true,"href":"https:\/\/chuchosierra.com\/index.php\/wp-json\/wp\/v2\/users\/1"}],"replies":[{"embeddable":true,"href":"https:\/\/chuchosierra.com\/index.php\/wp-json\/wp\/v2\/comments?post=292"}],"version-history":[{"count":20,"href":"https:\/\/chuchosierra.com\/index.php\/wp-json\/wp\/v2\/pages\/292\/revisions"}],"predecessor-version":[{"id":596,"href":"https:\/\/chuchosierra.com\/index.php\/wp-json\/wp\/v2\/pages\/292\/revisions\/596"}],"wp:featuredmedia":[{"embeddable":true,"href":"https:\/\/chuchosierra.com\/index.php\/wp-json\/wp\/v2\/media\/586"}],"wp:attachment":[{"href":"https:\/\/chuchosierra.com\/index.php\/wp-json\/wp\/v2\/media?parent=292"}],"curies":[{"name":"wp","href":"https:\/\/api.w.org\/{rel}","templated":true}]}}