{"id":320,"date":"2021-04-01T19:11:49","date_gmt":"2021-04-01T19:11:49","guid":{"rendered":"https:\/\/chuchosierra.com\/?page_id=320"},"modified":"2025-07-30T04:16:01","modified_gmt":"2025-07-30T04:16:01","slug":"contacto","status":"publish","type":"page","link":"https:\/\/chuchosierra.com\/index.php\/contacto\/","title":{"rendered":"Contacto"},"content":{"rendered":"\n<p>Lleva la magia del saxof\u00f3n a tu evento con un solo mensaje. Contactarme es muy f\u00e1cil, estoy aqu\u00ed para hacer de tu ocasi\u00f3n un momento inolvidable.<\/p>\n\n\n\n<p>\ud83d\udce9 <strong>Puedes comunicarte conmigo a trav\u00e9s de:<\/strong><\/p>\n\n\n\n<ul class=\"wp-block-list\">\n<li><a href=\"https:\/\/wa.link\/ok88xv\"><strong><em>https:\/\/wa.link\/ok88xv<\/em><\/strong><\/a><\/li>\n\n\n\n<li><a href=\"mailto:chuchosierra@savialatina.com\" target=\"_blank\" rel=\"noreferrer noopener\"><strong><em> E-mail<\/em><\/strong><\/a><\/li>\n\n\n\n<li><a href=\"https:\/\/www.instagram.com\/chuchosierrasaxofon\/\" target=\"_blank\" rel=\"noreferrer noopener\"><strong><em>Instagram<\/em><\/strong><\/a><\/li>\n<\/ul>\n\n\n\n<p class=\"has-text-align-center\">\u00a1Ser\u00e1 un placer ser parte de tu celebraci\u00f3n y llenar cada instante de m\u00fasica y emoci\u00f3n! <\/p>\n\n\n\n<h2 class=\"wp-block-heading has-text-align-center\">S\u00edgueme en mi canal de YouTube \ud83c\udfa7<\/h2>\n\n\n\n<figure class=\"wp-block-embed is-type-video is-provider-youtube wp-block-embed-youtube wp-embed-aspect-16-9 wp-has-aspect-ratio\"><div class=\"wp-block-embed__wrapper\">\n<iframe loading=\"lazy\" title=\"Tributo Al Clarinete Colombiano | Chucho Sierra\" width=\"640\" height=\"360\" src=\"https:\/\/www.youtube.com\/embed\/UXPQKtq8eu8?feature=oembed\" frameborder=\"0\" allow=\"accelerometer; autoplay; clipboard-write; encrypted-media; gyroscope; picture-in-picture; web-share\" referrerpolicy=\"strict-origin-when-cross-origin\" allowfullscreen><\/iframe>\n<\/div><\/figure>\n\n\n\n<figure class=\"wp-block-embed is-type-rich is-provider-spotify wp-block-embed-spotify wp-embed-aspect-21-9 wp-has-aspect-ratio\"><div class=\"wp-block-embed__wrapper\">\n<iframe title=\"Spotify Embed: Chucho Sierra\" style=\"border-radius: 12px\" width=\"100%\" height=\"352\" frameborder=\"0\" allowfullscreen allow=\"autoplay; clipboard-write; encrypted-media; fullscreen; picture-in-picture\" loading=\"lazy\" src=\"https:\/\/open.spotify.com\/embed\/artist\/1HtV3ItGi5uniH1LTi93Mc?si=oq46-USZRhuaXg3oFce6xQ&#038;utm_source=oembed\"><\/iframe>\n<\/div><\/figure>\n\n\n\n<h3 class=\"wp-block-heading has-text-align-center\">Puedes escribirme a trav\u00e9s de: <strong><em><a href=\"mailto:chuchosierra@savialatina.com\" target=\"_blank\" rel=\"noreferrer noopener\">chuchosierra@savialatina.com<\/a> <\/em><\/strong><\/h3>\n\n\n\n<p>\ud83c\udfb7 <strong>Savia Latina &amp; Chucho Sierra: M\u00fasica que transforma momentos<\/strong> \ud83c\udfb6<\/p>\n\n\n\n<p>Llevamos la magia de la m\u00fasica a cada rinc\u00f3n, creando experiencias \u00fanicas que tocan el alma. Con un amplio repertorio y un equipo de m\u00fasicos excepcionales, hacemos de cada evento una celebraci\u00f3n inolvidable.<\/p>\n\n\n\n<p><strong>Nuestros servicios incluyen:<\/strong><br>\ud83c\udfa4 <strong>Shows en vivo y en directo<\/strong> \u2013 M\u00fasica que se siente y se disfruta en cada nota.<br>\ud83c\udfb6 <strong>Shows presenciales<\/strong> \u2013 Presentaciones envolventes para todo tipo de eventos.<br>\ud83d\udcf2 <strong>Contenido para e-commerce y redes sociales<\/strong> \u2013 Creaci\u00f3n de material audiovisual con calidad profesional.<br>\ud83d\udc8c <strong>Dedicatorias personalizadas<\/strong> \u2013 Un detalle especial en video MP4 de alta resoluci\u00f3n.<br>\ud83c\udfbc <strong>Dise\u00f1o musical para eventos y conciertos<\/strong> \u2013 Creaci\u00f3n de experiencias sonoras a la medida.<br>\ud83c\udfb5 <strong>Asesor\u00eda musical<\/strong> \u2013 Orientaci\u00f3n experta para llevar tu m\u00fasica al siguiente nivel.<\/p>\n\n\n\n<p>\u2728 <strong>La m\u00fasica perfecta est\u00e1 al alcance de tu mano.<\/strong> \u00a1Cont\u00e1ctanos y hagamos de tu evento un momento inolvidable! \ud83c\udfb7\ud83d\udcab<\/p>\n\n\n\n<p class=\"has-text-align-center\">\ud83d\udce9 \u00a1<strong>Comun\u00edcate con nosotros<\/strong>!<\/p>\n\n\n\n<p><\/p>\n","protected":false},"excerpt":{"rendered":"<p>Lleva la magia del saxof\u00f3n a tu evento con un solo mensaje. Contactarme es muy f\u00e1cil, estoy aqu\u00ed para hacer de tu ocasi\u00f3n un momento<\/p>\n","protected":false},"author":1,"featured_media":517,"parent":0,"menu_order":0,"comment_status":"closed","ping_status":"closed","template":"","meta":{"footnotes":""},"class_list":["post-320","page","type-page","status-publish","has-post-thumbnail","hentry"],"_links":{"self":[{"href":"https:\/\/chuchosierra.com\/index.php\/wp-json\/wp\/v2\/pages\/320","targetHints":{"allow":["GET"]}}],"collection":[{"href":"https:\/\/chuchosierra.com\/index.php\/wp-json\/wp\/v2\/pages"}],"about":[{"href":"https:\/\/chuchosierra.com\/index.php\/wp-json\/wp\/v2\/types\/page"}],"author":[{"embeddable":true,"href":"https:\/\/chuchosierra.com\/index.php\/wp-json\/wp\/v2\/users\/1"}],"replies":[{"embeddable":true,"href":"https:\/\/chuchosierra.com\/index.php\/wp-json\/wp\/v2\/comments?post=320"}],"version-history":[{"count":18,"href":"https:\/\/chuchosierra.com\/index.php\/wp-json\/wp\/v2\/pages\/320\/revisions"}],"predecessor-version":[{"id":598,"href":"https:\/\/chuchosierra.com\/index.php\/wp-json\/wp\/v2\/pages\/320\/revisions\/598"}],"wp:featuredmedia":[{"embeddable":true,"href":"https:\/\/chuchosierra.com\/index.php\/wp-json\/wp\/v2\/media\/517"}],"wp:attachment":[{"href":"https:\/\/chuchosierra.com\/index.php\/wp-json\/wp\/v2\/media?parent=320"}],"curies":[{"name":"wp","href":"https:\/\/api.w.org\/{rel}","templated":true}]}}